{"id":1383,"date":"2023-04-01T13:01:39","date_gmt":"2023-04-01T13:01:39","guid":{"rendered":"http:\/\/biyoestetik.com\/?page_id=1383"},"modified":"2023-04-13T12:48:13","modified_gmt":"2023-04-13T12:48:13","slug":"katalog","status":"publish","type":"page","link":"https:\/\/biyoestetik.com\/?page_id=1383","title":{"rendered":"KATALOG"},"content":{"rendered":"\n<p>Renuva Allograft Ya\u011f Dokusu <a rel=\"noreferrer noopener\" aria-label=\"Katalog (yeni sekmede a\u00e7\u0131l\u0131r)\" href=\"https:\/\/www.biyodinamik.com.tr\/wp-content\/uploads\/MTF-Renuva-Katalog.pdf\" target=\"_blank\">Katalog<\/a><\/p>\n\n\n\n<p>Costal Cartilage<a rel=\"noreferrer noopener\" aria-label=\" Katalog  (yeni sekmede a\u00e7\u0131l\u0131r)\" href=\"https:\/\/www.biyodinamik.com.tr\/wp-content\/uploads\/MTF-Costal-Cartilage1.pdf\" target=\"_blank\"> Katalog <\/a><\/p>\n\n\n\n<p>Belladerm Asel\u00fcler Dermal Matrix &#8211; <a rel=\"noreferrer noopener\" aria-label=\"Katalog (yeni sekmede a\u00e7\u0131l\u0131r)\" href=\"https:\/\/www.biyodinamik.com.tr\/wp-content\/uploads\/BellaDerm-Katolog.pdf\" target=\"_blank\">Katalog<\/a><\/p>\n\n\n\n<p>NovaBone ( BioGlass)Biyo Aktif Sentetik Greft  &#8211; <a href=\"https:\/\/www.biyodinamik.com.tr\/wp-content\/uploads\/NovaBone-Brochure-New.pdf\" target=\"_blank\" rel=\"noreferrer noopener\" aria-label=\"Katalog (yeni sekmede a\u00e7\u0131l\u0131r)\">Katalog<\/a><\/p>\n","protected":false},"excerpt":{"rendered":"<p>Renuva Allograft Ya\u011f Dokusu Katalog Costal Cartilage Katalog Belladerm Asel\u00fcler Dermal Matrix &#8211; Katalog NovaBone ( BioGlass)Biyo Aktif Sentetik Greft &#8211; Katalog<\/p>\n","protected":false},"author":2,"featured_media":0,"parent":0,"menu_order":0,"comment_status":"closed","ping_status":"closed","template":"","meta":[],"acf":[],"_links":{"self":[{"href":"https:\/\/biyoestetik.com\/index.php?rest_route=\/wp\/v2\/pages\/1383"}],"collection":[{"href":"https:\/\/biyoestetik.com\/index.php?rest_route=\/wp\/v2\/pages"}],"about":[{"href":"https:\/\/biyoestetik.com\/index.php?rest_route=\/wp\/v2\/types\/page"}],"author":[{"embeddable":true,"href":"https:\/\/biyoestetik.com\/index.php?rest_route=\/wp\/v2\/users\/2"}],"replies":[{"embeddable":true,"href":"https:\/\/biyoestetik.com\/index.php?rest_route=%2Fwp%2Fv2%2Fcomments&post=1383"}],"version-history":[{"count":12,"href":"https:\/\/biyoestetik.com\/index.php?rest_route=\/wp\/v2\/pages\/1383\/revisions"}],"predecessor-version":[{"id":1446,"href":"https:\/\/biyoestetik.com\/index.php?rest_route=\/wp\/v2\/pages\/1383\/revisions\/1446"}],"wp:attachment":[{"href":"https:\/\/biyoestetik.com\/index.php?rest_route=%2Fwp%2Fv2%2Fmedia&parent=1383"}],"curies":[{"name":"wp","href":"https:\/\/api.w.org\/{rel}","templated":true}]}}