{"id":176,"date":"2023-04-01T12:06:49","date_gmt":"2023-04-01T12:06:49","guid":{"rendered":"https:\/\/xml-io.proteusthemes.com\/medicpress\/?page_id=176"},"modified":"2023-04-13T12:45:25","modified_gmt":"2023-04-13T12:45:25","slug":"dr-fox-mulder","status":"publish","type":"page","link":"https:\/\/biyoestetik.com\/?page_id=176","title":{"rendered":"Kostal Kartilaj Allogreft"},"content":{"rendered":"\n<div class=\"wp-block-image\"><figure class=\"aligncenter is-resized\"><img loading=\"lazy\" src=\"http:\/\/biyoestetik.com\/wp-content\/uploads\/2019\/11\/mtf-biologics.jpg\" alt=\"\" class=\"wp-image-1353\" width=\"500\" height=\"500\" srcset=\"https:\/\/biyoestetik.com\/wp-content\/uploads\/2019\/11\/mtf-biologics.jpg 500w, https:\/\/biyoestetik.com\/wp-content\/uploads\/2019\/11\/mtf-biologics-150x150.jpg 150w, https:\/\/biyoestetik.com\/wp-content\/uploads\/2019\/11\/mtf-biologics-300x300.jpg 300w, https:\/\/biyoestetik.com\/wp-content\/uploads\/2019\/11\/mtf-biologics-100x100.jpg 100w\" sizes=\"(max-width: 500px) 100vw, 500px\" \/><figcaption><em><strong>Allogreft Kostal kartilaj <\/strong><\/em><\/figcaption><\/figure><\/div>\n\n\n\n<div class=\"wp-block-image\"><figure class=\"aligncenter\"><img loading=\"lazy\" width=\"785\" height=\"272\" src=\"http:\/\/biyoestetik.com\/wp-content\/uploads\/2019\/04\/Cartilage-Hasta.jpg\" alt=\"\" class=\"wp-image-1324\" srcset=\"https:\/\/biyoestetik.com\/wp-content\/uploads\/2019\/04\/Cartilage-Hasta.jpg 785w, https:\/\/biyoestetik.com\/wp-content\/uploads\/2019\/04\/Cartilage-Hasta-300x104.jpg 300w, https:\/\/biyoestetik.com\/wp-content\/uploads\/2019\/04\/Cartilage-Hasta-768x266.jpg 768w, https:\/\/biyoestetik.com\/wp-content\/uploads\/2019\/04\/Cartilage-Hasta-600x208.jpg 600w\" sizes=\"(max-width: 785px) 100vw, 785px\" \/><\/figure><\/div>\n\n\n\n<p><\/p>\n\n\n\n<p>MTF Biologics&#8217;in <strong><em>kostal k\u0131k\u0131rdak<\/em><\/strong> greftleri, revizyon <strong>rinoplasti prosed\u00fcrlerinde<\/strong>, rekonstr\u00fcktif (burun travma sonras\u0131 veya Mohs prosed\u00fcr\u00fc ile bazal h\u00fccre ve burun skuam\u00f6z h\u00fccreli karsinomas\u0131) ve kozmetik, daha iyi bir estetik g\u00f6r\u00fcn\u00fcm sa\u011flamak i\u00e7in kullan\u0131l\u0131r.&nbsp;<strong><em>Kostal k\u0131k\u0131rdak<\/em> greftleri<\/strong> pediatrik plastik cerrahlar taraf\u0131ndan yar\u0131k burun deformasyonlar\u0131n\u0131 ve mikrotialar\u0131n\u0131 tedavi etmek i\u00e7in de kullan\u0131l\u0131r. <\/p>\n\n\n\n<p>MTF Biologics&#8217;in <strong><em>kostal k\u0131k\u0131rdak greftleri<\/em><\/strong>, otolog <strong>kostal k\u0131k\u0131rdak al\u0131m\u0131na<\/strong>, ikinci bir cerrahi alan  a\u011fr\u0131s\u0131, skar gibi olas\u0131 g\u00f6\u011f\u00fcs duvar\u0131 deformitesi ve pn\u00f6motoraks gibi komorbiditeleri yaratmadan haz\u0131r bir alternatif sunar.&nbsp;\u0130nsan dokusundan t\u00fcretildi\u011fi i\u00e7in biyouyumludur ve sentetik implantlara g\u00f6re enfeksiyona veya ekstr\u00fcde olma olas\u0131l\u0131\u011f\u0131 daha d\u00fc\u015f\u00fckt\u00fcr.<\/p>\n\n\n\n<p><\/p>\n\n\n\n<div class=\"wp-block-image\"><figure class=\"alignleft is-resized\"><img loading=\"lazy\" src=\"http:\/\/biyoestetik.com\/wp-content\/uploads\/2019\/03\/Katalog.jpg\" alt=\"\" class=\"wp-image-1318\" width=\"103\" height=\"42\"\/><\/figure><\/div>\n\n\n\n<p><a href=\"https:\/\/www.biyodinamik.com.tr\/wp-content\/uploads\/MTF-Costal-Cartilage1.pdf\" target=\"_blank\" rel=\"noreferrer noopener\" aria-label=\" (yeni sekmede a\u00e7\u0131l\u0131r)\">Katalog i\u00e7in t\u0131klay\u0131n\u0131z. <\/a><\/p>\n","protected":false},"excerpt":{"rendered":"<p>MTF Biologics&#8217;in kostal k\u0131k\u0131rdak greftleri, revizyon rinoplasti prosed\u00fcrlerinde, rekonstr\u00fcktif (burun travma sonras\u0131 veya Mohs prosed\u00fcr\u00fc ile bazal h\u00fccre ve burun skuam\u00f6z h\u00fccreli karsinomas\u0131) ve kozmetik, daha iyi bir estetik g\u00f6r\u00fcn\u00fcm sa\u011flamak i\u00e7in kullan\u0131l\u0131r.&nbsp;Kostal k\u0131k\u0131rdak greftleri pediatrik plastik cerrahlar taraf\u0131ndan yar\u0131k burun deformasyonlar\u0131n\u0131 ve mikrotialar\u0131n\u0131 tedavi etmek i\u00e7in de kullan\u0131l\u0131r. MTF Biologics&#8217;in kostal k\u0131k\u0131rdak greftleri, otolog &hellip;<\/p>\n","protected":false},"author":1,"featured_media":1189,"parent":112,"menu_order":0,"comment_status":"closed","ping_status":"closed","template":"","meta":[],"acf":[],"_links":{"self":[{"href":"https:\/\/biyoestetik.com\/index.php?rest_route=\/wp\/v2\/pages\/176"}],"collection":[{"href":"https:\/\/biyoestetik.com\/index.php?rest_route=\/wp\/v2\/pages"}],"about":[{"href":"https:\/\/biyoestetik.com\/index.php?rest_route=\/wp\/v2\/types\/page"}],"author":[{"embeddable":true,"href":"https:\/\/biyoestetik.com\/index.php?rest_route=\/wp\/v2\/users\/1"}],"replies":[{"embeddable":true,"href":"https:\/\/biyoestetik.com\/index.php?rest_route=%2Fwp%2Fv2%2Fcomments&post=176"}],"version-history":[{"count":23,"href":"https:\/\/biyoestetik.com\/index.php?rest_route=\/wp\/v2\/pages\/176\/revisions"}],"predecessor-version":[{"id":1475,"href":"https:\/\/biyoestetik.com\/index.php?rest_route=\/wp\/v2\/pages\/176\/revisions\/1475"}],"up":[{"embeddable":true,"href":"https:\/\/biyoestetik.com\/index.php?rest_route=\/wp\/v2\/pages\/112"}],"wp:featuredmedia":[{"embeddable":true,"href":"https:\/\/biyoestetik.com\/index.php?rest_route=\/wp\/v2\/media\/1189"}],"wp:attachment":[{"href":"https:\/\/biyoestetik.com\/index.php?rest_route=%2Fwp%2Fv2%2Fmedia&parent=176"}],"curies":[{"name":"wp","href":"https:\/\/api.w.org\/{rel}","templated":true}]}}