{"id":285,"date":"2023-04-01T08:32:00","date_gmt":"2023-04-01T08:32:00","guid":{"rendered":"https:\/\/xml-io.proteusthemes.com\/medicpress\/?page_id=285"},"modified":"2023-10-02T09:39:19","modified_gmt":"2023-10-02T09:39:19","slug":"dr-scully-dana","status":"publish","type":"page","link":"https:\/\/biyoestetik.com\/?page_id=285","title":{"rendered":"Asel\u00fcler Dermal Matrix FlexHd &#8211; BellaDerm"},"content":{"rendered":"<h1><img loading=\"lazy\" class=\" wp-image-1466 aligncenter\" src=\"http:\/\/biyoestetik.com\/wp-content\/uploads\/2023\/10\/FlexHd.png\" alt=\"FlexHD\" width=\"450\" height=\"163\" \/><\/h1>\n<p>FlexHD Asel\u00fcler Dermal Matrix<\/p>\n<p><img loading=\"lazy\" class=\" wp-image-1281 alignleft\" src=\"http:\/\/biyoestetik.com\/wp-content\/uploads\/2019\/02\/belladerm-300x213.jpg\" alt=\"\" width=\"167\" height=\"119\" srcset=\"https:\/\/biyoestetik.com\/wp-content\/uploads\/2019\/02\/belladerm-300x213.jpg 300w, https:\/\/biyoestetik.com\/wp-content\/uploads\/2019\/02\/belladerm-768x544.jpg 768w, https:\/\/biyoestetik.com\/wp-content\/uploads\/2019\/02\/belladerm-1024x726.jpg 1024w, https:\/\/biyoestetik.com\/wp-content\/uploads\/2019\/02\/belladerm-100x70.jpg 100w, https:\/\/biyoestetik.com\/wp-content\/uploads\/2019\/02\/belladerm-600x425.jpg 600w\" sizes=\"(max-width: 167px) 100vw, 167px\" \/><\/p>\n<p>\u00a0<\/p>\n<p><em><strong>FlexHDAsel\u00fcler Dermal Matrix<\/strong><\/em>; i\u015flenerek epidermal ve dermal h\u00fccreleri \u00e7\u0131kar\u0131lm\u0131\u015f, insan<strong> allogreft<\/strong> dokusudur.<\/p>\n<p>\u00a0<\/p>\n<p><strong>\u00d6ZELL\u0130KLER<\/strong><\/p>\n<ul>\n<li>FlexHD <em><strong>Asel\u00fcler Dermal Matrix; <\/strong>insan kaynakl\u0131 <strong>allogrefttir<\/strong><\/em><\/li>\n<li>Solventlerle i\u015flenerek\u00a0dezenfekte edilmi\u015ftir.<\/li>\n<li><strong>Do\u011fal\u00a0kollajen<\/strong> yap\u0131s\u0131 korunmu\u015f, homojen yap\u0131dad\u0131r.\u00a0<\/li>\n<li>USP &lt;71&gt; sterilizasyon testinden ge\u00e7mi\u015ftir.\u00a0I\u015f\u0131nlamaya tabi tutulmam\u0131\u015ft\u0131r.<\/li>\n<li>Oda\u00a0s\u0131cakl\u0131\u011f\u0131nda saklan\u0131r.<\/li>\n<li>Etanol sol\u00fcsyon i\u00e7inde paketlenmi\u015ftir<\/li>\n<li>Paketten \u00e7\u0131kt\u0131\u011f\u0131nda\u00a0kullan\u0131ma haz\u0131rd\u0131r.<\/li>\n<li>\u00c7ift steril\u00a0paket i\u00e7indedir.<\/li>\n<\/ul>\n<p><strong>PROSES<\/strong><\/p>\n<ul>\n<li>MTF\u2019in patentli \u00f6zel\u00a0tekni\u011fi ile haz\u0131rlanm\u0131\u015ft\u0131r.<\/li>\n<li>Derinin \u00fcst tabakas\u0131 (epidermis) t\u00fcm ya\u011f ve h\u00fccreleri ile birlikte\u00a0\u00e7\u0131kar\u0131l\u0131r.<\/li>\n<li>Dermis, Sodyum Klorid \u00e7\u00f6zeltisi ve deterjanlarla ile\u00a0y\u0131kan\u0131r.<\/li>\n<li><strong>Dermis<\/strong>, daha sonra, ABD Farmakopesi Sterillik Standard\u0131 (USP &lt;71&gt;) sterillik testinden ge\u00e7er.<\/li>\n<\/ul>\n<p><strong>AVANTAJLAR:<\/strong><\/p>\n<ul>\n<li>G\u00fcvenli ve\u00a0biyo-uyumlu, <strong>insan kaynakl\u0131<\/strong>.<\/li>\n<li>Rehidratasyon i\u00e7in s\u00fcre harcanmas\u0131 gerekmiyor.<\/li>\n<li>Oda s\u0131cakl\u0131\u011f\u0131nda\u00a0saklama kolayl\u0131\u011f\u0131<\/li>\n<li>Handling m\u00fckemmel,\u00a0homojen yap\u0131<\/li>\n<li>G\u00fc\u00e7l\u00fc\u00a0biyomekanik<\/li>\n<li>Kolay\u00a0s\u00fct\u00fcr \u00f6zelli\u011fi<\/li>\n<li>Minimum\u00a0elastikiyet<\/li>\n<li>Non antijenik<\/li>\n<li>Do\u011fal kollajen ve elastini korunmu\u015f\u00a0deri dokusu.<\/li>\n<li>Adezyona diren\u00e7li<\/li>\n<\/ul>\n<p><strong>END\u0130KASYONLAR<\/strong>\u00a0\u00a0:<\/p>\n<p>(Estetik ve Rekonstr\u00fcktif Cerrahi,KBB,Genel Cerrahi)<\/p>\n<p><em><strong>FlexHD <\/strong><strong><em>A<\/em>sel\u00fcler Dermal Matrix\u00a0<\/strong><\/em>Hasarl\u0131 yada yetersiz deri dokusu yerine ve yumu\u015fak doku defektlerinde onar\u0131m ve g\u00fc\u00e7lendirmede ek destek olarak kullan\u0131l\u0131r.<\/p>\n<ul>\n<li><strong>Meme rekonstr\u00fcksiyonlar\u0131<\/strong>,<\/li>\n<li><strong>Diabetik ayak \u00fclseri<\/strong>,<\/li>\n<li><strong>N\u00fcks herni<\/strong><\/li>\n<li><strong>Rinoplasti<\/strong><\/li>\n<\/ul>\n<p><strong>\u00a0<\/strong><\/p>\n<p><span style=\"color: #0000ff;\"><strong>EMN\u0130YET<\/strong><\/span><\/p>\n<p><strong>\u00a0<\/strong>FDA 21 CFR K\u0131s\u0131m 1270 ve 1271.<\/p>\n<p>AATB akreditasyonu.<\/p>\n<p>\u0130yi Doku Uygulamalar\u0131 (GTP) ve Uluslararas\u0131 Standart Kurumu ile uyumludur.<\/p>\n<p>En geli\u015fmi\u015f testleri uygular (\u00f6rn. NAT-N\u00fckleik asit testi)<\/p>\n<p><a href=\"https:\/\/www.biyodinamik.com.tr\/wp-content\/uploads\/Screening-Criteria.pdf\" target=\"_blank\" rel=\"noopener noreferrer\">T\u00fcm\u00a0don\u00f6r se\u00e7im<\/a>\u00a0,serolojik, ve mikrobiyolojik testler, FDA ve AATB standartlar\u0131n\u0131 \u00e7ok\u00a0\u00fczerindedir.<\/p>\n<p>MTF, T\u0131p Okullar\u0131, Akademik Enstit\u00fcler ve Doku Toplama Kurulu\u015flar\u0131n\u0131n bir Konsorsiyumudur; kalite ve emniyet standartlar\u0131, \u00f6nde gelen hekim ve bilim adamlar\u0131nca geli\u015ftirilmi\u015ftir.<\/p>\n<h2><strong>Referans ve Yay\u0131nlar ;\u00a0<\/strong><\/h2>\n<p>A\u015fa\u011f\u0131da listesi bulunan yay\u0131nlardan istedi\u011finiz literat\u00fcr\u00fc taraf\u0131m\u0131za\u00a0mail adresiniz ile bildiriniz.<\/p>\n<p><a href=\"https:\/\/www.biyodinamik.com.tr\/wp-content\/uploads\/Belladerm-Klinik-%C3%87al%C4%B1%C5%9Fma-Listesi.pdf\" target=\"_blank\" rel=\"noopener noreferrer\"><span style=\"color: #0000ff;\">Klinik \u00c7al\u0131\u015fma Listesi<\/span><\/a><\/p>\n<p>\u00a0<\/p>\n\n<div\n\t\t\t\n\t\t\tclass=\"so-widget-sow-button so-widget-sow-button-atom-421384cc473e\"\n\t\t\t\n\t\t><div class=\"ow-button-base ow-button-align-left\">\n\t<a\n\thref=\"https:\/\/www.biyodinamik.com.tr\/wp-content\/uploads\/BellaDerm-Katolog.pdf\"\n\t\tclass=\"ow-icon-placement-left ow-button-hover\" target=\"_blank\" rel=\"noopener noreferrer\" \t>\n\t\t<span>\n\t\t\t<span class=\"sow-icon-icomoon\" data-sow-icon=\"&#xe91f;\"\n\t\t \n\t\taria-hidden=\"true\"><\/span>\n\t\t\tKatalo\u011fumuza burdan ula\u015fabilirsiniz.\t\t<\/span>\n\t<\/a>\n<\/div>\n<\/div>\t\t\t\t<style type=\"text\/css\">@media (max-width: 780px) {\n  .so-widget-sow-button-atom-421384cc473e .ow-button-base.ow-button-align-left {\n    text-align: center;\n  }\n  .so-widget-sow-button-atom-421384cc473e .ow-button-base.ow-button-align-left.ow-button-align-justify a {\n    display: inline-block;\n  }\n}\n.so-widget-sow-button-atom-421384cc473e .ow-button-base a {\n  -ms-box-sizing: border-box;\n  -moz-box-sizing: border-box;\n  -webkit-box-sizing: border-box;\n  box-sizing: border-box;\n  \n  font-size: 1em;\n  padding: 1em 2em;\n  background: #41a9d5;\n  background: -webkit-gradient(linear, left bottom, left top, color-stop(0, #298fba), color-stop(1, #41a9d5));\n  background: -ms-linear-gradient(bottom, #298fba, #41a9d5);\n  background: -moz-linear-gradient(center bottom, #298fba 0%, #41a9d5 100%);\n  background: -o-linear-gradient(#41a9d5, #298fba);\n  filter: progid:DXImageTransform.Microsoft.gradient(startColorstr='#41a9d5', endColorstr='#298fba', GradientType=0);\n  border: 1px solid;\n  border-color: #2685ad #247fa5 #227598 #247fa5;\n  color: #ffffff !important;\n  -webkit-border-radius: 0.25px;\n  -moz-border-radius: 0.25px;\n  border-radius: 0.25px;\n  -webkit-box-shadow: inset 0 1px 0 rgba(255,255,255,0.2), 0 1px 2px rgba(0,0,0,0.065);\n  -moz-box-shadow: inset 0 1px 0 rgba(255,255,255,0.2), 0 1px 2px rgba(0,0,0,0.065);\n  box-shadow: inset 0 1px 0 rgba(255,255,255,0.2), 0 1px 2px rgba(0,0,0,0.065);\n  text-shadow: 0 1px 0 rgba(0, 0, 0, 0.05);\n}\n.so-widget-sow-button-atom-421384cc473e .ow-button-base a > span {\n  align-items: center;\n  display: flex;\n  justify-content: center;\n}\n.so-widget-sow-button-atom-421384cc473e .ow-button-base a > span [class^=\"sow-icon-\"] {\n  font-size: 1.3em;\n}\n.so-widget-sow-button-atom-421384cc473e .ow-button-base a.ow-button-hover:active,\n.so-widget-sow-button-atom-421384cc473e .ow-button-base a.ow-button-hover:hover {\n  background: #49add7;\n  background: -webkit-gradient(linear, left bottom, left top, color-stop(0, #2b95c2), color-stop(1, #49add7));\n  background: -ms-linear-gradient(bottom, #2b95c2, #49add7);\n  background: -moz-linear-gradient(center bottom, #2b95c2 0%, #49add7 100%);\n  background: -o-linear-gradient(#49add7, #2b95c2);\n  filter: progid:DXImageTransform.Microsoft.gradient(startColorstr='#49add7', endColorstr='#2b95c2', GradientType=0);\n  border-color: #52b1d9 #49add7 #3da7d4 #49add7;\n  color: #ffffff !important;\n}<\/style>\n\t\t\t\t","protected":false},"excerpt":{"rendered":"<p>FlexHD Asel\u00fcler Dermal Matrix \u00a0 FlexHDAsel\u00fcler Dermal Matrix; i\u015flenerek epidermal ve dermal h\u00fccreleri \u00e7\u0131kar\u0131lm\u0131\u015f, insan allogreft dokusudur. \u00a0 \u00d6ZELL\u0130KLER FlexHD Asel\u00fcler Dermal Matrix; insan kaynakl\u0131 allogrefttir Solventlerle i\u015flenerek\u00a0dezenfekte edilmi\u015ftir. Do\u011fal\u00a0kollajen yap\u0131s\u0131 korunmu\u015f, homojen yap\u0131dad\u0131r.\u00a0 USP &lt;71&gt; sterilizasyon testinden ge\u00e7mi\u015ftir.\u00a0I\u015f\u0131nlamaya tabi tutulmam\u0131\u015ft\u0131r. Oda\u00a0s\u0131cakl\u0131\u011f\u0131nda saklan\u0131r. Etanol sol\u00fcsyon i\u00e7inde paketlenmi\u015ftir Paketten \u00e7\u0131kt\u0131\u011f\u0131nda\u00a0kullan\u0131ma haz\u0131rd\u0131r. \u00c7ift steril\u00a0paket i\u00e7indedir. PROSES MTF\u2019in &hellip;<\/p>\n","protected":false},"author":1,"featured_media":1466,"parent":112,"menu_order":0,"comment_status":"closed","ping_status":"closed","template":"","meta":[],"acf":[],"_links":{"self":[{"href":"https:\/\/biyoestetik.com\/index.php?rest_route=\/wp\/v2\/pages\/285"}],"collection":[{"href":"https:\/\/biyoestetik.com\/index.php?rest_route=\/wp\/v2\/pages"}],"about":[{"href":"https:\/\/biyoestetik.com\/index.php?rest_route=\/wp\/v2\/types\/page"}],"author":[{"embeddable":true,"href":"https:\/\/biyoestetik.com\/index.php?rest_route=\/wp\/v2\/users\/1"}],"replies":[{"embeddable":true,"href":"https:\/\/biyoestetik.com\/index.php?rest_route=%2Fwp%2Fv2%2Fcomments&post=285"}],"version-history":[{"count":46,"href":"https:\/\/biyoestetik.com\/index.php?rest_route=\/wp\/v2\/pages\/285\/revisions"}],"predecessor-version":[{"id":1473,"href":"https:\/\/biyoestetik.com\/index.php?rest_route=\/wp\/v2\/pages\/285\/revisions\/1473"}],"up":[{"embeddable":true,"href":"https:\/\/biyoestetik.com\/index.php?rest_route=\/wp\/v2\/pages\/112"}],"wp:featuredmedia":[{"embeddable":true,"href":"https:\/\/biyoestetik.com\/index.php?rest_route=\/wp\/v2\/media\/1466"}],"wp:attachment":[{"href":"https:\/\/biyoestetik.com\/index.php?rest_route=%2Fwp%2Fv2%2Fmedia&parent=285"}],"curies":[{"name":"wp","href":"https:\/\/api.w.org\/{rel}","templated":true}]}}