{"id":931,"date":"2020-12-01T09:29:24","date_gmt":"2020-12-01T09:29:24","guid":{"rendered":"https:\/\/xml-io.proteusthemes.com\/medicpress\/?page_id=9"},"modified":"2022-01-12T12:24:02","modified_gmt":"2022-01-12T12:24:02","slug":"home","status":"publish","type":"page","link":"https:\/\/biyoestetik.com\/","title":{"rendered":"Home"},"content":{"rendered":"<div id=\"pl-931\"  class=\"panel-layout\" ><div id=\"pg-931-0\"  class=\"panel-grid panel-no-style\" ><div id=\"pgc-931-0-0\"  class=\"panel-grid-cell\" ><div id=\"panel-931-0-0-0\" class=\"so-panel widget widget_pw_featured_page widget-featured-page panel-first-child panel-last-child\" data-index=\"0\" >\n\t<div class=\"page-box  page-box--block\">\n\t\t\t\t\t\t<a class=\"page-box__picture\" href=\"https:\/\/biyoestetik.com\/?page_id=255\">\n\t\t\t\t\t<img src=\"https:\/\/biyoestetik.com\/wp-content\/uploads\/2019\/01\/RENUVA-1-1-350x175.png\" width=\"350\" height=\"175\" srcset=\"https:\/\/biyoestetik.com\/wp-content\/uploads\/2019\/01\/RENUVA-1-1-350x175.png 350w, https:\/\/biyoestetik.com\/wp-content\/uploads\/2019\/01\/RENUVA-1-1.png 500w\" sizes=\"(min-width: 576px) 510px, (min-width: 768px) 690px, (min-width: 992px) 290px, (min-width: 1200px) 350px, calc(100vw - 30px)\" class=\"wp-post-image\" alt=\"Renuva Allogreft Ya\u011f Matrix\">\n\t\t\t\t\t\t\t\t\t<\/a>\n\t\t\t\t\t\t\t\t<div class=\"page-box__content\">\n\t\t\t<h2 class=\"page-box__title\"><a href=\"https:\/\/biyoestetik.com\/?page_id=255\">Renuva Allogreft Ya\u011f Matrix<\/a><\/h2>\n\t\t\t<p class=\"page-box__text\">Renuva Allogreft Adipz Matrix<\/p>\n\t\t\t\t\t<\/div>\n\t<\/div>\n\n<\/div><\/div><div id=\"pgc-931-0-1\"  class=\"panel-grid-cell\" ><div id=\"panel-931-0-1-0\" class=\"so-panel widget widget_pw_featured_page widget-featured-page panel-first-child panel-last-child\" data-index=\"1\" >\n\t<div class=\"page-box  page-box--block\">\n\t\t\t\t\t\t<a class=\"page-box__picture\" href=\"https:\/\/biyoestetik.com\/?page_id=176\">\n\t\t\t\t\t<img src=\"https:\/\/biyoestetik.com\/wp-content\/uploads\/2019\/01\/mtf-350x175.jpg\" width=\"350\" height=\"175\" srcset=\"https:\/\/biyoestetik.com\/wp-content\/uploads\/2019\/01\/mtf-350x175.jpg 350w, https:\/\/biyoestetik.com\/wp-content\/uploads\/2019\/01\/mtf.jpg 500w\" sizes=\"(min-width: 576px) 510px, (min-width: 768px) 690px, (min-width: 992px) 290px, (min-width: 1200px) 350px, calc(100vw - 30px)\" class=\"wp-post-image\" alt=\"Kostal Kartilaj Allogreft\">\n\t\t\t\t\t\t\t\t\t<\/a>\n\t\t\t\t\t\t\t\t<div class=\"page-box__content\">\n\t\t\t<h2 class=\"page-box__title\"><a href=\"https:\/\/biyoestetik.com\/?page_id=176\">Kostal Kartilaj Allogreft<\/a><\/h2>\n\t\t\t<p class=\"page-box__text\">Allogreft Kostal kartilaj \n\n\n\n\n\n\n\n\n\n\n\nMTF Biologics'in kostal k\u0131k\u0131rdak greftleri, revizyon rinoplasti prosed\u00fcrlerinde, rekonstr\u00fcktif (burun &hellip;<\/p>\n\t\t\t\t\t<\/div>\n\t<\/div>\n\n<\/div><\/div><div id=\"pgc-931-0-2\"  class=\"panel-grid-cell panel-grid-cell-mobile-last\" ><div id=\"panel-931-0-2-0\" class=\"so-panel widget widget_pw_featured_page widget-featured-page panel-first-child panel-last-child\" data-index=\"2\" >\n\t<div class=\"page-box  page-box--block\">\n\t\t\t\t\t\t<a class=\"page-box__picture\" href=\"https:\/\/biyoestetik.com\/?page_id=285\">\n\t\t\t\t\t<img src=\"https:\/\/biyoestetik.com\/wp-content\/uploads\/2023\/10\/FlexHd.png\" width=\"215\" height=\"78\" srcset=\"https:\/\/biyoestetik.com\/wp-content\/uploads\/2023\/10\/FlexHd.png 215w, https:\/\/biyoestetik.com\/wp-content\/uploads\/2023\/10\/FlexHd.png 215w\" sizes=\"(min-width: 576px) 510px, (min-width: 768px) 690px, (min-width: 992px) 290px, (min-width: 1200px) 350px, calc(100vw - 30px)\" class=\"wp-post-image\" alt=\"Asel\u00fcler Dermal Matrix FlexHd - BellaDerm\">\n\t\t\t\t\t\t\t\t\t<\/a>\n\t\t\t\t\t\t\t\t<div class=\"page-box__content\">\n\t\t\t<h2 class=\"page-box__title\"><a href=\"https:\/\/biyoestetik.com\/?page_id=285\">Asel\u00fcler Dermal Matrix FlexHd - BellaDerm<\/a><\/h2>\n\t\t\t<p class=\"page-box__text\">FlexHD Asel\u00fcler Dermal Matrix\n\n\u00a0\nFlexHDAsel\u00fcler Dermal Matrix; i\u015flenerek epidermal ve dermal h\u00fccreleri \u00e7\u0131kar\u0131lm\u0131\u015f, insan allogreft &hellip;<\/p>\n\t\t\t\t\t<\/div>\n\t<\/div>\n\n<\/div><\/div><div id=\"pgc-931-0-3\"  class=\"panel-grid-cell panel-grid-cell-empty\" ><\/div><\/div><div id=\"pg-931-1\"  class=\"panel-grid panel-no-style\" ><div id=\"pgc-931-1-0\"  class=\"panel-grid-cell\" ><div id=\"panel-931-1-0-0\" class=\"so-panel widget widget_sow-editor panel-first-child panel-last-child\" data-index=\"3\" ><div\n\t\t\t\n\t\t\tclass=\"so-widget-sow-editor so-widget-sow-editor-base\"\n\t\t\t\n\t\t>\n<div class=\"siteorigin-widget-tinymce textwidget\">\n\t<h3>Kalite Politikam\u0131z<\/h3>\n<p><img loading=\"lazy\" class=\"\" src=\"https:\/\/www.biyodinamik.com.tr\/wp-content\/themes\/for\/images\/logo.png\" alt=\"Biyodinamik\" width=\"201\" height=\"41\" \/><\/p>\n<\/div>\n<\/div><\/div><\/div><div id=\"pgc-931-1-1\"  class=\"panel-grid-cell\" ><div id=\"panel-931-1-1-0\" class=\"so-panel widget widget_sow-editor panel-first-child panel-last-child\" data-index=\"4\" ><div\n\t\t\t\n\t\t\tclass=\"so-widget-sow-editor so-widget-sow-editor-base\"\n\t\t\t\n\t\t>\n<div class=\"siteorigin-widget-tinymce textwidget\">\n\t<p>\u00c7al\u0131\u015fan bilgi birikimi ve tecr\u00fcbesi ile insan sa\u011fl\u0131\u011f\u0131n\u0131 \u00f6n planda tutarak, m\u00fc\u015fteri \u015fartlar\u0131na, yasal mevzuatlara ve uluslararas\u0131 standartlara uygun medikal sekt\u00f6re hizmet vermek. Biyodinamik\u2019in ba\u015far\u0131s\u0131n\u0131 \u00fcr\u00fcn kalitesini etkileyen t\u00fcm s\u00fcre\u00e7leri s\u00fcrekli iyile\u015ftirerek ve etkinli\u011fini sa\u011flayarak m\u00fc\u015fteri memnuniyetini art\u0131rmak. \u0130nsan kayna\u011f\u0131n\u0131 de\u011ferlendirerek yetkinliklerini e\u011fitimlerle destekleyerek \u00e7al\u0131\u015fanlar\u0131n kat\u0131l\u0131mlar\u0131n\u0131 artt\u0131rarak \u00a0Biyodinamik\u2019in sekt\u00f6rde lider bir kurulu\u015f olmas\u0131n\u0131 sa\u011flamak.<\/p>\n<\/div>\n<\/div><\/div><\/div><\/div><\/div>","protected":false},"excerpt":{"rendered":"<p>Kalite Politikam\u0131z \u00c7al\u0131\u015fan bilgi birikimi ve tecr\u00fcbesi ile insan sa\u011fl\u0131\u011f\u0131n\u0131 \u00f6n planda tutarak, m\u00fc\u015fteri \u015fartlar\u0131na, yasal mevzuatlara ve uluslararas\u0131 standartlara uygun medikal sekt\u00f6re hizmet vermek. Biyodinamik\u2019in ba\u015far\u0131s\u0131n\u0131 \u00fcr\u00fcn kalitesini etkileyen t\u00fcm s\u00fcre\u00e7leri s\u00fcrekli iyile\u015ftirerek ve etkinli\u011fini sa\u011flayarak m\u00fc\u015fteri memnuniyetini art\u0131rmak. \u0130nsan kayna\u011f\u0131n\u0131 de\u011ferlendirerek yetkinliklerini e\u011fitimlerle destekleyerek \u00e7al\u0131\u015fanlar\u0131n kat\u0131l\u0131mlar\u0131n\u0131 artt\u0131rarak \u00a0Biyodinamik\u2019in sekt\u00f6rde lider bir kurulu\u015f olmas\u0131n\u0131 &hellip;<\/p>\n","protected":false},"author":1,"featured_media":0,"parent":0,"menu_order":0,"comment_status":"closed","ping_status":"closed","template":"template-front-page-slider.php","meta":[],"acf":[],"_links":{"self":[{"href":"https:\/\/biyoestetik.com\/index.php?rest_route=\/wp\/v2\/pages\/931"}],"collection":[{"href":"https:\/\/biyoestetik.com\/index.php?rest_route=\/wp\/v2\/pages"}],"about":[{"href":"https:\/\/biyoestetik.com\/index.php?rest_route=\/wp\/v2\/types\/page"}],"author":[{"embeddable":true,"href":"https:\/\/biyoestetik.com\/index.php?rest_route=\/wp\/v2\/users\/1"}],"replies":[{"embeddable":true,"href":"https:\/\/biyoestetik.com\/index.php?rest_route=%2Fwp%2Fv2%2Fcomments&post=931"}],"version-history":[{"count":115,"href":"https:\/\/biyoestetik.com\/index.php?rest_route=\/wp\/v2\/pages\/931\/revisions"}],"predecessor-version":[{"id":1456,"href":"https:\/\/biyoestetik.com\/index.php?rest_route=\/wp\/v2\/pages\/931\/revisions\/1456"}],"wp:attachment":[{"href":"https:\/\/biyoestetik.com\/index.php?rest_route=%2Fwp%2Fv2%2Fmedia&parent=931"}],"curies":[{"name":"wp","href":"https:\/\/api.w.org\/{rel}","templated":true}]}}